{"id":2232,"date":"2025-05-15T09:32:43","date_gmt":"2025-05-15T09:32:43","guid":{"rendered":"https:\/\/the-caza-body.com\/?page_id=2232"},"modified":"2025-07-21T15:53:17","modified_gmt":"2025-07-21T15:53:17","slug":"a-propos","status":"publish","type":"page","link":"https:\/\/the-caza-body.com\/?page_id=2232","title":{"rendered":"\u00c0 Propos"},"content":{"rendered":"\t\t<div data-elementor-type=\"wp-page\" data-elementor-id=\"2232\" class=\"elementor elementor-2232\" data-elementor-post-type=\"page\">\n\t\t\t\t<div class=\"elementor-element elementor-element-74abce4 e-flex e-con-boxed e-con e-parent\" data-id=\"74abce4\" data-element_type=\"container\">\n\t\t\t\t\t<div class=\"e-con-inner\">\n\t\t\t\t<div class=\"elementor-element elementor-element-523536e elementor-widget elementor-widget-heading\" data-id=\"523536e\" data-element_type=\"widget\" data-widget_type=\"heading.default\">\n\t\t\t\t<div class=\"elementor-widget-container\">\n\t\t\t\t\t<h2 class=\"elementor-heading-title elementor-size-default\">\u00c0 Propos<\/h2>\t\t\t\t<\/div>\n\t\t\t\t<\/div>\n\t\t\t\t<div class=\"elementor-element elementor-element-20bca00 elementor-widget elementor-widget-image\" data-id=\"20bca00\" data-element_type=\"widget\" data-widget_type=\"image.default\">\n\t\t\t\t<div class=\"elementor-widget-container\">\n\t\t\t\t\t\t\t\t\t\t\t\t\t\t\t<img fetchpriority=\"high\" decoding=\"async\" width=\"1024\" height=\"1024\" src=\"https:\/\/the-caza-body.com\/wp-content\/uploads\/2025\/07\/WhatsApp-Image-2025-07-16-at-22-1-1024x1024.jpg\" class=\"attachment-large size-large wp-image-2475\" alt=\"\" srcset=\"https:\/\/the-caza-body.com\/wp-content\/uploads\/2025\/07\/WhatsApp-Image-2025-07-16-at-22-1-1024x1024.jpg 1024w, https:\/\/the-caza-body.com\/wp-content\/uploads\/2025\/07\/WhatsApp-Image-2025-07-16-at-22-1-300x300.jpg 300w, https:\/\/the-caza-body.com\/wp-content\/uploads\/2025\/07\/WhatsApp-Image-2025-07-16-at-22-1-150x150.jpg 150w, https:\/\/the-caza-body.com\/wp-content\/uploads\/2025\/07\/WhatsApp-Image-2025-07-16-at-22-1-768x768.jpg 768w, https:\/\/the-caza-body.com\/wp-content\/uploads\/2025\/07\/WhatsApp-Image-2025-07-16-at-22-1-600x600.jpg 600w, https:\/\/the-caza-body.com\/wp-content\/uploads\/2025\/07\/WhatsApp-Image-2025-07-16-at-22-1-100x100.jpg 100w, https:\/\/the-caza-body.com\/wp-content\/uploads\/2025\/07\/WhatsApp-Image-2025-07-16-at-22-1.jpg 1066w\" sizes=\"(max-width: 1024px) 100vw, 1024px\" \/>\t\t\t\t\t\t\t\t\t\t\t\t\t\t\t<\/div>\n\t\t\t\t<\/div>\n\t\t\t\t<div class=\"elementor-element elementor-element-972559c elementor-widget elementor-widget-text-editor\" data-id=\"972559c\" data-element_type=\"widget\" data-widget_type=\"text-editor.default\">\n\t\t\t\t<div class=\"elementor-widget-container\">\n\t\t\t\t\t\t\t\t\t<p>Depuis six ans, Ouly, esth\u00e9ticienne passionn\u00e9e, transforme l&#8217;approche des soins corporels. Avec une expertise multiculturelle acquise \u00e0 travers ses voyages de la Colombie au S\u00e9n\u00e9gal, sa mission est de red\u00e9finir les standards de la beaut\u00e9. Engag\u00e9e \u00e0 promouvoir le Bodypositive, Thecazabody r\u00e9volutionne les routines de soins \u00e0 domicile en rendant la technologie esth\u00e9tique accessible \u00e0 toutes, dans le respect de la diversit\u00e9 et l&#8217;inclusion. Pour les professionnelles, nos kits allient innovation et commodit\u00e9, faisant de notre marque le choix privil\u00e9gi\u00e9 des esth\u00e9ticiennes modernes.<\/p>\t\t\t\t\t\t\t\t<\/div>\n\t\t\t\t<\/div>\n\t\t\t\t\t<\/div>\n\t\t\t\t<\/div>\n\t\t\t\t<\/div>\n\t\t","protected":false},"excerpt":{"rendered":"<p>\u00c0 Propos Depuis six ans, Ouly, esth\u00e9ticienne passionn\u00e9e, transforme l&#8217;approche des soins corporels. Avec une expertise multiculturelle acquise \u00e0 travers ses voyages de la Colombie au S\u00e9n\u00e9gal, sa mission est de red\u00e9finir les standards de la beaut\u00e9. Engag\u00e9e \u00e0 promouvoir le Bodypositive, Thecazabody r\u00e9volutionne les routines de soins \u00e0 domicile en rendant la technologie esth\u00e9tique&#8230;<\/p>\n","protected":false},"author":1,"featured_media":0,"parent":0,"menu_order":0,"comment_status":"closed","ping_status":"closed","template":"","meta":{"_kad_post_transparent":"","_kad_post_title":"hide","_kad_post_layout":"fullwidth","_kad_post_sidebar_id":"","_kad_post_content_style":"unboxed","_kad_post_vertical_padding":"hide","_kad_post_feature":"hide","_kad_post_feature_position":"","_kad_post_header":false,"_kad_post_footer":false,"footnotes":""},"class_list":["post-2232","page","type-page","status-publish","hentry"],"_links":{"self":[{"href":"https:\/\/the-caza-body.com\/index.php?rest_route=\/wp\/v2\/pages\/2232","targetHints":{"allow":["GET"]}}],"collection":[{"href":"https:\/\/the-caza-body.com\/index.php?rest_route=\/wp\/v2\/pages"}],"about":[{"href":"https:\/\/the-caza-body.com\/index.php?rest_route=\/wp\/v2\/types\/page"}],"author":[{"embeddable":true,"href":"https:\/\/the-caza-body.com\/index.php?rest_route=\/wp\/v2\/users\/1"}],"replies":[{"embeddable":true,"href":"https:\/\/the-caza-body.com\/index.php?rest_route=%2Fwp%2Fv2%2Fcomments&post=2232"}],"version-history":[{"count":13,"href":"https:\/\/the-caza-body.com\/index.php?rest_route=\/wp\/v2\/pages\/2232\/revisions"}],"predecessor-version":[{"id":2478,"href":"https:\/\/the-caza-body.com\/index.php?rest_route=\/wp\/v2\/pages\/2232\/revisions\/2478"}],"wp:attachment":[{"href":"https:\/\/the-caza-body.com\/index.php?rest_route=%2Fwp%2Fv2%2Fmedia&parent=2232"}],"curies":[{"name":"wp","href":"https:\/\/api.w.org\/{rel}","templated":true}]}}