{"id":2534,"date":"2025-07-21T22:49:08","date_gmt":"2025-07-21T22:49:08","guid":{"rendered":"https:\/\/the-caza-body.com\/produit\/kit-hairgrowup-3-en-1\/"},"modified":"2025-07-21T23:33:51","modified_gmt":"2025-07-21T23:33:51","slug":"kit-hairgrowup-3-en-1","status":"publish","type":"product","link":"https:\/\/the-caza-body.com\/?product=kit-hairgrowup-3-en-1","title":{"rendered":"Kit Hairglowup"},"content":{"rendered":"<p><span style=\"font-family: -webkit-standard;font-size: medium;font-style: normal;font-weight: 400;letter-spacing: normal;text-align: start;text-indent: 0px;text-transform: none;text-decoration: none;float: none\">\ud83c\udf3f<\/span><span style=\"font-family: -webkit-standard;font-size: medium;font-style: normal;font-weight: 400;letter-spacing: normal;text-align: start;text-indent: 0px;text-transform: none;text-decoration: none;float: none\"><span class=\"Apple-converted-space\"><strong>&nbsp;<\/strong><\/span><\/span><strong data-start=\"203\" data-end=\"263\" style=\"font-style: normal;letter-spacing: normal;text-align: start;text-indent: 0px;text-transform: none;text-decoration: none\">HairGrowUp \u2013 Kit Croissance &amp; Apaisement du Cuir Chevelu<\/strong><\/p>\n<p><strong><\/strong><\/p>\n<h3 data-start=\"427\" data-end=\"445\" style=\"font-style: normal;letter-spacing: normal;text-align: start;text-indent: 0px;text-transform: none;text-decoration: none\">\ud83d\udcab<strong> Description<\/strong><\/h3>\n<p data-start=\"447\" data-end=\"681\" style=\"font-style: normal;font-weight: 400;letter-spacing: normal;text-align: start;text-indent: 0px;text-transform: none;text-decoration: none\"><strong>D\u00e9couvrez le<span class=\"Apple-converted-space\">&nbsp;<\/span><\/strong><strong data-start=\"460\" data-end=\"478\">Kit HairGrowUp<\/strong><strong>, votre nouvelle routine haircare maison sign\u00e9e<span class=\"Apple-converted-space\">&nbsp;<\/span><\/strong><strong data-start=\"526\" data-end=\"541\">TheCazaBody<\/strong><strong>, pens\u00e9e pour stimuler la pousse des cheveux, apaiser le cuir chevelu et redonner vie \u00e0 votre chevelure \u2014 sans rendez-vous chez le coiffeur.<\/strong><\/p>\n<p data-start=\"683\" data-end=\"921\" style=\"font-style: normal;font-weight: 400;letter-spacing: normal;text-align: start;text-indent: 0px;text-transform: none;text-decoration: none\">\ud83d\udc86\u200d\u2640\ufe0f<strong> Ce kit combine la puissance d\u2019un<span class=\"Apple-converted-space\">&nbsp;<\/span><\/strong><strong data-start=\"722\" data-end=\"795\">masseur de cuir chevelu intelligent \u00e0 lumi\u00e8re rouge et micro-courants<\/strong><strong><span class=\"Apple-converted-space\">&nbsp;<\/span>\u00e0 notre<span class=\"Apple-converted-space\">&nbsp;<\/span><\/strong><strong data-start=\"804\" data-end=\"865\">huile de pousse cheveux au romarin et \u00e0 la menthe poivr\u00e9e<\/strong><strong><span class=\"Apple-converted-space\">&nbsp;<\/span>pour des r\u00e9sultats visibles d\u00e8s les premi\u00e8res semaines.<\/strong><\/p>\n<p><strong><\/strong><\/p>\n<h3 data-start=\"928\" data-end=\"971\" style=\"font-style: normal;letter-spacing: normal;text-align: start;text-indent: 0px;text-transform: none;text-decoration: none\">\ud83c\udf80<strong> Ce que contient le kit HairGrowUp :<\/strong><\/h3>\n<ul data-start=\"973\" data-end=\"1273\" style=\"font-style: normal;font-weight: 400;letter-spacing: normal;text-align: start;text-indent: 0px;text-transform: none;text-decoration: none\">\n<li data-start=\"973\" data-end=\"1116\">\n<p data-start=\"975\" data-end=\"1116\">\ud83c\udf00<span class=\"Apple-converted-space\"><strong>&nbsp;<\/strong><\/span><strong data-start=\"978\" data-end=\"1001\">Appareil HairGrowUp<\/strong><strong><span class=\"Apple-converted-space\">&nbsp;<\/span>: masseur vibrant avec technologie LED rouge &amp; micro-courants pour stimuler les follicules et relancer la pousse<\/strong><\/p>\n<\/li>\n<li data-start=\"1117\" data-end=\"1273\">\n<p data-start=\"1119\" data-end=\"1273\">\ud83c\udf3f<span class=\"Apple-converted-space\"><strong>&nbsp;<\/strong><\/span><strong data-start=\"1122\" data-end=\"1174\">Huile de Pousse Romarin &amp; Menthe poivr\u00e9e (30 ml)<\/strong><strong><span class=\"Apple-converted-space\">&nbsp;<\/span>: formule 100% naturelle, stimule la circulation sanguine, renforce et r\u00e9\u00e9quilibre le cuir chevelu<\/strong><\/p>\n<\/li>\n<\/ul>\n<p><strong><\/strong><\/p>\n<h3 data-start=\"1280\" data-end=\"1301\" style=\"font-style: normal;letter-spacing: normal;text-align: start;text-indent: 0px;text-transform: none;text-decoration: none\">\ud83c\udf1f<strong> Bienfaits cl\u00e9s<\/strong><\/h3>\n<ul data-start=\"1303\" data-end=\"1668\" style=\"font-style: normal;font-weight: 400;letter-spacing: normal;text-align: start;text-indent: 0px;text-transform: none;text-decoration: none\">\n<li data-start=\"1303\" data-end=\"1371\">\n<p data-start=\"1305\" data-end=\"1371\">\ud83d\udd34<span class=\"Apple-converted-space\"><strong>&nbsp;<\/strong><\/span><strong data-start=\"1308\" data-end=\"1339\">Lumi\u00e8re rouge th\u00e9rapeutique<\/strong><strong><span class=\"Apple-converted-space\">&nbsp;<\/span>: active les bulbes capillaires<\/strong><\/p>\n<\/li>\n<li data-start=\"1372\" data-end=\"1446\">\n<p data-start=\"1374\" data-end=\"1446\">\u26a1<span class=\"Apple-converted-space\"><strong>&nbsp;<\/strong><\/span><strong data-start=\"1376\" data-end=\"1399\">Micro-courants doux<\/strong><strong><span class=\"Apple-converted-space\">&nbsp;<\/span>: boostent la microcirculation du cuir chevelu<\/strong><\/p>\n<\/li>\n<li data-start=\"1447\" data-end=\"1518\">\n<p data-start=\"1449\" data-end=\"1518\">\ud83d\udca7<span class=\"Apple-converted-space\"><strong>&nbsp;<\/strong><\/span><strong data-start=\"1452\" data-end=\"1488\">Application optimis\u00e9e de l\u2019huile<\/strong><strong><span class=\"Apple-converted-space\">&nbsp;<\/span>: gr\u00e2ce \u00e0 la vibration cibl\u00e9e<\/strong><\/p>\n<\/li>\n<li data-start=\"1519\" data-end=\"1592\">\n<p data-start=\"1521\" data-end=\"1592\">\ud83e\uddd6\u200d\u2640\ufe0f<span class=\"Apple-converted-space\"><strong>&nbsp;<\/strong><\/span><strong data-start=\"1527\" data-end=\"1551\">Soulage les tensions<\/strong><strong><span class=\"Apple-converted-space\">&nbsp;<\/span>: relaxation instantan\u00e9e du cuir chevelu<\/strong><\/p>\n<\/li>\n<li data-start=\"1593\" data-end=\"1668\">\n<p data-start=\"1595\" data-end=\"1668\">\ud83c\udf31<span class=\"Apple-converted-space\"><strong>&nbsp;<\/strong><\/span><strong data-start=\"1598\" data-end=\"1618\">Pousse acc\u00e9l\u00e9r\u00e9e<\/strong><strong><span class=\"Apple-converted-space\">&nbsp;<\/span>: des cheveux plus denses, plus forts, plus sains<\/strong><\/p>\n<\/li>\n<\/ul>\n<p><strong><\/strong><\/p>\n<h3 data-start=\"1675\" data-end=\"1701\" style=\"font-style: normal;letter-spacing: normal;text-align: start;text-indent: 0px;text-transform: none;text-decoration: none\">\ud83d\udcc6<strong> Routine recommand\u00e9e<\/strong><\/h3>\n<ol data-start=\"1703\" data-end=\"1911\" style=\"font-style: normal;font-weight: 400;letter-spacing: normal;text-align: start;text-indent: 0px;text-transform: none;text-decoration: none\">\n<li data-start=\"1703\" data-end=\"1759\">\n<p data-start=\"1706\" data-end=\"1759\"><strong>Appliquez l\u2019<\/strong><strong data-start=\"1718\" data-end=\"1744\">huile Romarin &amp; Menthe<\/strong><strong><span class=\"Apple-converted-space\">&nbsp;<\/span>raie par raie.<\/strong><\/p>\n<\/li>\n<li data-start=\"1760\" data-end=\"1844\">\n<p data-start=\"1763\" data-end=\"1844\"><strong>Activez votre<span class=\"Apple-converted-space\">&nbsp;<\/span><\/strong><strong data-start=\"1777\" data-end=\"1791\">HairGrowUp<\/strong><strong><span class=\"Apple-converted-space\">&nbsp;<\/span>(boutons lat\u00e9raux) et massez pendant 5 \u00e0 10 minutes.<\/strong><\/p>\n<\/li>\n<li data-start=\"1845\" data-end=\"1911\">\n<p data-start=\"1848\" data-end=\"1911\"><strong>R\u00e9p\u00e9tez<span class=\"Apple-converted-space\">&nbsp;<\/span><\/strong><strong data-start=\"1856\" data-end=\"1882\">3 \u00e0 4 fois par semaine<\/strong><strong><span class=\"Apple-converted-space\">&nbsp;<\/span>pour des r\u00e9sultats optimaux.<\/strong><\/p>\n<\/li>\n<\/ol>\n<p data-start=\"1913\" data-end=\"2017\" style=\"font-style: normal;font-weight: 400;letter-spacing: normal;text-align: start;text-indent: 0px;text-transform: none;text-decoration: none\">\ud83d\udd52<strong> Astuce : Utilisez apr\u00e8s la douche, sur cuir chevelu l\u00e9g\u00e8rement humide pour une meilleure p\u00e9n\u00e9tration.<\/strong><\/p>\n<p data-start=\"1913\" data-end=\"2017\" style=\"font-style: normal;font-weight: 400;letter-spacing: normal;text-align: start;text-indent: 0px;text-transform: none;text-decoration: none\"><strong><\/strong><\/p>\n<h2 data-start=\"2281\" data-end=\"2315\" style=\"font-style: normal;letter-spacing: normal;text-align: start;text-indent: 0px;text-transform: none;text-decoration: none\">\u2728<strong> Pourquoi choisir HairGrowUp ?<\/strong><\/h2>\n<p data-start=\"2317\" data-end=\"2547\" style=\"font-style: normal;font-weight: 400;letter-spacing: normal;text-align: start;text-indent: 0px;text-transform: none;text-decoration: none\"><strong>Parce que<span class=\"Apple-converted-space\">&nbsp;<\/span><\/strong><strong data-start=\"2327\" data-end=\"2366\">vous m\u00e9ritez des r\u00e9sultats visibles<\/strong><strong>, sans contrainte. Que ce soit pour retrouver des cheveux plus denses, ralentir la chute ou simplement<span class=\"Apple-converted-space\">&nbsp;<\/span><\/strong><strong data-start=\"2469\" data-end=\"2519\">vous offrir un moment de self-care \u00e0 la maison<\/strong><strong>, ce kit est fait pour vous.<\/strong><\/p>\n","protected":false},"excerpt":{"rendered":"<p>\ud83c\udf3f&nbsp;HairGrowUp \u2013 Kit Croissance &amp; Apaisement du Cuir Chevelu \ud83d\udcab Description D\u00e9couvrez le&nbsp;Kit HairGrowUp, votre nouvelle routine haircare maison sign\u00e9e&nbsp;TheCazaBody, pens\u00e9e pour stimuler la pousse des cheveux, apaiser le cuir chevelu et redonner vie \u00e0 votre chevelure \u2014 sans rendez-vous chez le coiffeur. \ud83d\udc86\u200d\u2640\ufe0f Ce kit combine la puissance d\u2019un&nbsp;masseur de cuir chevelu intelligent \u00e0&#8230;<\/p>\n","protected":false},"featured_media":2531,"comment_status":"open","ping_status":"closed","template":"","meta":{"_kad_post_transparent":"","_kad_post_title":"","_kad_post_layout":"","_kad_post_sidebar_id":"","_kad_post_content_style":"","_kad_post_vertical_padding":"","_kad_post_feature":"","_kad_post_feature_position":"","_kad_post_header":false,"_kad_post_footer":false},"product_brand":[],"product_cat":[41],"product_tag":[],"class_list":{"0":"post-2534","1":"product","2":"type-product","3":"status-publish","4":"has-post-thumbnail","6":"product_cat-les-kits-skincare-et-bodycare","8":"first","9":"instock","10":"shipping-taxable","11":"purchasable","12":"product-type-simple","13":"entry","14":"content-bg","15":"loop-entry"},"_links":{"self":[{"href":"https:\/\/the-caza-body.com\/index.php?rest_route=\/wp\/v2\/product\/2534","targetHints":{"allow":["GET"]}}],"collection":[{"href":"https:\/\/the-caza-body.com\/index.php?rest_route=\/wp\/v2\/product"}],"about":[{"href":"https:\/\/the-caza-body.com\/index.php?rest_route=\/wp\/v2\/types\/product"}],"replies":[{"embeddable":true,"href":"https:\/\/the-caza-body.com\/index.php?rest_route=%2Fwp%2Fv2%2Fcomments&post=2534"}],"wp:featuredmedia":[{"embeddable":true,"href":"https:\/\/the-caza-body.com\/index.php?rest_route=\/wp\/v2\/media\/2531"}],"wp:attachment":[{"href":"https:\/\/the-caza-body.com\/index.php?rest_route=%2Fwp%2Fv2%2Fmedia&parent=2534"}],"wp:term":[{"taxonomy":"product_brand","embeddable":true,"href":"https:\/\/the-caza-body.com\/index.php?rest_route=%2Fwp%2Fv2%2Fproduct_brand&post=2534"},{"taxonomy":"product_cat","embeddable":true,"href":"https:\/\/the-caza-body.com\/index.php?rest_route=%2Fwp%2Fv2%2Fproduct_cat&post=2534"},{"taxonomy":"product_tag","embeddable":true,"href":"https:\/\/the-caza-body.com\/index.php?rest_route=%2Fwp%2Fv2%2Fproduct_tag&post=2534"}],"curies":[{"name":"wp","href":"https:\/\/api.w.org\/{rel}","templated":true}]}}